{"id":9579,"date":"2022-07-04T18:05:23","date_gmt":"2022-07-04T21:05:23","guid":{"rendered":"https:\/\/etos.com.br\/site\/site\/\/?page_id=9579"},"modified":"2025-11-24T12:04:22","modified_gmt":"2025-11-24T15:04:22","slug":"home","status":"publish","type":"page","link":"https:\/\/etos.com.br\/site\/","title":{"rendered":"Home"},"content":{"rendered":"<p>[vc_row full_width=&#8221;stretch_row_content_no_spaces&#8221; kd_background_image_position=&#8221;vc_row-bg-position-top&#8221; el_class=&#8221;hide-bg-on-mobile&#8221; css_tablet_portrait=&#8221;.vc_custom_1697574111738{padding-top: 0px !important;}&#8221; css_mobile=&#8221;.vc_custom_1697574111739{padding-top: 0px !important;}&#8221; css=&#8221;.vc_custom_1697574111738{margin-bottom: 120px !important;}&#8221;][vc_column css=&#8221;.vc_custom_1513003956648{padding-top: 0px !important;}&#8221;][vc_row_inner full_width=&#8221;inner_row_contained&#8221; kd_background_image_position=&#8221;vc_row-bg-position-top&#8221; kd_background_overlay=&#8221;true&#8221; el_class=&#8221;border-bottom-radius&#8221; css=&#8221;.vc_custom_1656970322689{margin-right: 50px !important;margin-left: 50px !important;padding-top: 160px !important;padding-bottom: 100px !important;border-radius: 35px !important;}&#8221; css_tablet_portrait=&#8221;.vc_custom_1656970322690{margin-right: 0px !important;margin-left: 0px !important;padding-top: 100px !important;padding-right: 15px !important;padding-left: 15px !important;}&#8221; css_mobile=&#8221;.vc_custom_1656970322691{margin-right: 0px !important;margin-left: 0px !important;padding-top: 100px !important;padding-right: 15px !important;padding-left: 15px !important;}&#8221; css_tablet_landscape=&#8221;.vc_custom_1656970322690{margin-right: 0px !important;margin-left: 0px !important;}&#8221;][vc_column_inner width=&#8221;1\/2&#8243; css=&#8221;.vc_custom_1656974250223{padding-top: 40px !important;padding-left: 0px !important;}&#8221; css_tablet_portrait=&#8221;.vc_custom_1656974250225{padding-top: 0px !important;}&#8221; css_mobile=&#8221;.vc_custom_1656974250226{padding-top: 0px !important;}&#8221;]<header class=\"kd-section-title col-lg-12 text-left  subtitle-below-title kd-animated fadeIn   vc_custom_1763993324394\" data-animation-delay=200><h1 class=\"separator_off\" style=\"font-size: 55px;line-height: 50px;margin-bottom:40px;\">Consultoria<\/h1><\/header>[vc_column_text]<\/p>\n<h6 style=\"text-align: justify; font-size: 22px;\">Aumente suas vendas e acelere seu crescimento com a Etos Consultoria. Nossos especialistas oferecem solu\u00e7\u00f5es personalizadas para melhorar o desempenho do seu neg\u00f3cio e otimizar suas opera\u00e7\u00f5es.<\/h6>\n<h6 style=\"text-align: justify; font-size: 22px;\">Obtenha insights valiosos e tome decis\u00f5es estrat\u00e9gicas com base em dados confi\u00e1veis. Conte com nossa expertise para implementar, personalizar e integrar os produtos Salesforce em seu neg\u00f3cio.<\/h6>\n<p>[\/vc_column_text]<a  href=\"https:\/\/etos.com.br\/site\/contato\/\"  target=\"_self\"  title=\"Contato\"  class=\"tt_button tt_primary_button btn_primary_color  btn-align-left button-action-link icon_right  vc_custom_1763996626426 kd-animated zoomIn\" data-animation-delay=200><span class=\"prim_text\">Contratar Agora!<\/span><span class=\"fas fa-chevron-right iconita\" ><\/span><\/a>[\/vc_column_inner][vc_column_inner width=&#8221;1\/2&#8243; css=&#8221;.vc_custom_1605872820072{padding-right: 0px !important;padding-left: 76px !important;}&#8221; css_tablet_portrait=&#8221;.vc_custom_1605872820073{padding-top: 0px !important;padding-right: 15px !important;padding-left: 15px !important;}&#8221; css_mobile=&#8221;.vc_custom_1605872820074{padding-top: 50px !important;padding-right: 0px !important;padding-left: 0px !important;}&#8221;]<div class=\"kd-photobox  \" ><div class=\"photobox-img\"><img loading=\"lazy\" decoding=\"async\" width=\"558\" height=\"753\" src=\"https:\/\/etos.com.br\/site\/wp-content\/uploads\/2022\/07\/business-1-SEMVIDEO.png\" class=\"attachment-full\" alt=\"\" title=\"business-1-SEMVIDEO\" srcset=\"https:\/\/etos.com.br\/site\/wp-content\/uploads\/2022\/07\/business-1-SEMVIDEO.png 558w, https:\/\/etos.com.br\/site\/wp-content\/uploads\/2022\/07\/business-1-SEMVIDEO-222x300.png 222w\" sizes=\"auto, (max-width: 558px) 100vw, 558px\" \/><\/div><div class=\"phb-content text-center \">\n                  <h5 ><\/h5>\n                  <p ><\/p><\/div><\/div><div class=\"kd-shapes shape_dots  kd-animated zoomIn\" style=\"top: -40px;right: -60px;width: 172px;height: 340px;\"  data-animation-delay=400><\/div><div class=\"kd-shapes shape_dots  kd-animated zoomIn\" style=\"bottom: -50px;left: -30px;width: 340px;height: 173px;\"  data-animation-delay=400><\/div>[\/vc_column_inner][\/vc_row_inner][\/vc_column][\/vc_row][vc_row kd_background_image_position=&#8221;vc_row-bg-position-top&#8221; css=&#8221;.vc_custom_1697574261326{margin-top: 70px !important;margin-bottom: 80px !important;}&#8221; el_id=&#8221;servicos&#8221;][vc_column css=&#8221;.vc_custom_1599033169011{margin-top: -142px !important;padding-right: 0px !important;padding-left: 0px !important;}&#8221; css_tablet_landscape=&#8221;.vc_custom_1599033169012{margin-top: 50px !important;}&#8221; css_tablet_portrait=&#8221;.vc_custom_1599033169013{margin-top: 50px !important;}&#8221; css_mobile=&#8221;.vc_custom_1599033169014{margin-top: 50px !important;}&#8221;]<header class=\"kd-section-title col-lg-12 text-center  subtitle-above-title kd-animated fadeIn   vc_custom_1697574305322\" data-animation-delay=200><h1 class=\"separator_off\" style=\"line-height: 52px;\">Servi\u00e7os<\/h1><\/header>[vc_row_inner kd_background_image_position=&#8221;vc_row-bg-position-top&#8221; css=&#8221;.vc_custom_1597838967161{padding-top: 0px !important;padding-bottom: 70px !important;}&#8221;][vc_column_inner width=&#8221;1\/4&#8243; offset=&#8221;vc_col-lg-3 vc_col-md-6&#8243;]<div class=\"cb-container  content-center   kd-animated fadeInUp\" ><div class=\"cb-wrapper\" style=\"background-color: #fff;\"><div class=\"cb-img-area\"><i class=\"iconsmind-Line-Chart iconsmind-Business-Finance\" style=\" \"><\/i> <\/div><div class=\"cb-text-area\">\n                      <h4 class=\"cb-heading\" >LEADS<\/h4><p >Criar Campos; Regras de Valida\u00e7\u00e3o; Layouts; Fluxo de Neg\u00f3cio; Mapeamento de Convers\u00e3o; Regras de Atribui\u00e7\u00e3o; Web to Lead<\/p><\/div><\/div><\/div><div class=\"cb-container  content-center   kd-animated fadeInUp\" ><div class=\"cb-wrapper\" style=\"background-color: #fff;\"><div class=\"cb-img-area\"><i class=\"iconsmind-Line-Chart iconsmind-Business-Finance\" style=\" \"><\/i> <\/div><div class=\"cb-text-area\">\n                      <h4 class=\"cb-heading\" >PEDIDOS<\/h4><p >Criar Campos; Regras de Valida\u00e7\u00e3o; Layouts<\/p><\/div><\/div><\/div>[\/vc_column_inner][vc_column_inner width=&#8221;1\/4&#8243; offset=&#8221;vc_col-lg-3 vc_col-md-6&#8243;]<div class=\"cb-container  content-center   kd-animated fadeInUp\" data-animation-delay=200><div class=\"cb-wrapper\" style=\"background-color: #fff;\"><div class=\"cb-img-area\"><i class=\"iconsmind-Coin iconsmind-Business-Finance\" style=\" \"><\/i> <\/div><div class=\"cb-text-area\">\n                      <h4 class=\"cb-heading\" >CONTAS<\/h4><p >Criar Campos; Regras de Valida\u00e7\u00e3o; Layouts<\/p><\/div><\/div><\/div><div class=\"cb-container  content-center   kd-animated fadeInUp\" data-animation-delay=200><div class=\"cb-wrapper\" style=\"background-color: #fff;\"><div class=\"cb-img-area\"><i class=\"iconsmind-Coin iconsmind-Business-Finance\" style=\" \"><\/i> <\/div><div class=\"cb-text-area\">\n                      <h4 class=\"cb-heading\" >RELAT\u00d3RIOS<\/h4><p ><\/p><\/div><\/div><\/div>[\/vc_column_inner][vc_column_inner width=&#8221;1\/4&#8243; offset=&#8221;vc_col-lg-3 vc_col-md-6&#8243;]<div class=\"cb-container  content-center   kd-animated fadeInUp\" data-animation-delay=400><div class=\"cb-wrapper\" style=\"background-color: #fff;\"><div class=\"cb-img-area\"><i class=\"iconsmind-Management iconsmind-Seo-Icons\" style=\" \"><\/i> <\/div><div class=\"cb-text-area\">\n                      <h4 class=\"cb-heading\" >OPORTUNIDADES<\/h4><p >Criar Campos; Regras de Valida\u00e7\u00e3o; Layouts; Fluxo de Neg\u00f3cio<\/p><\/div><\/div><\/div><div class=\"cb-container  content-center   kd-animated fadeInUp\" data-animation-delay=400><div class=\"cb-wrapper\" style=\"background-color: #fff;\"><div class=\"cb-img-area\"><i class=\"iconsmind-Management iconsmind-Seo-Icons\" style=\" \"><\/i> <\/div><div class=\"cb-text-area\">\n                      <h4 class=\"cb-heading\" >PAIN\u00c9IS<\/h4><p ><\/p><\/div><\/div><\/div>[\/vc_column_inner][vc_column_inner width=&#8221;1\/4&#8243; offset=&#8221;vc_col-lg-3 vc_col-md-6&#8243;]<div class=\"cb-container  content-center   kd-animated fadeInUp\" data-animation-delay=600><div class=\"cb-wrapper\" style=\"background-color: #fff;\"><div class=\"cb-img-area\"><i class=\"iconsmind-Money-Bag iconsmind-Business-Finance\" style=\" \"><\/i> <\/div><div class=\"cb-text-area\">\n                      <h4 class=\"cb-heading\" >COTA\u00c7\u00d5ES<\/h4><p >Criar Campos; Regras de Valida\u00e7\u00e3o; Layouts<\/p><\/div><\/div><\/div><div class=\"cb-container  content-center   kd-animated fadeInUp\" data-animation-delay=600><div class=\"cb-wrapper\" style=\"background-color: #fff;\"><div class=\"cb-img-area\"><i class=\"iconsmind-Money-Bag iconsmind-Business-Finance\" style=\" \"><\/i> <\/div><div class=\"cb-text-area\">\n                      <h4 class=\"cb-heading\" >ORGANIZA\u00c7\u00c3O<\/h4><p >Parametriza\u00e7\u00e3o; Personaliza\u00e7\u00e3o; Seguran\u00e7a<\/p><\/div><\/div><\/div>[\/vc_column_inner][\/vc_row_inner][\/vc_column][\/vc_row][vc_row full_width=&#8221;stretch_row_content_no_spaces&#8221; kd_background_image_position=&#8221;vc_row-bg-position-top&#8221; el_id=&#8221;sobre&#8221;][vc_column css=&#8221;.vc_custom_1597665991208{padding-right: 0px !important;padding-left: 0px !important;}&#8221;][vc_row_inner full_width=&#8221;inner_row_contained&#8221; kd_background_image_position=&#8221;vc_row-bg-position-top&#8221; css=&#8221;.vc_custom_1656973730372{margin-right: 60px !important;margin-left: 60px !important;padding-top: 140px !important;padding-bottom: 145px !important;background-image: url(https:\/\/www.swaytheme.com\/wp-content\/uploads\/sites\/3\/2020\/08\/business-2.jpg?id=) !important;background-position: center !important;background-repeat: no-repeat !important;background-size: cover !important;border-radius: 50px !important;}&#8221; css_tablet_portrait=&#8221;.vc_custom_1656973730373{margin-right: 0px !important;margin-left: 0px !important;padding-top: 100px !important;padding-bottom: 100px !important;border-radius: 0px !important;}&#8221; css_mobile=&#8221;.vc_custom_1656973730377{margin-right: 0px !important;margin-left: 0px !important;padding-top: 100px !important;padding-bottom: 100px !important;border-radius: 0px !important;}&#8221; css_tablet_landscape=&#8221;.vc_custom_1656973730372{margin-right: 0px !important;margin-left: 0px !important;border-radius: 0px !important;}&#8221;][vc_column_inner width=&#8221;1\/2&#8243; css_tablet_portrait=&#8221;.vc_custom_1598614995974{padding-left: 30px !important;}&#8221; css_mobile=&#8221;.vc_custom_1598614995975{padding-left: 15px !important;}&#8221;]<div class=\"kd-shapes shape_dots  kd-animated fadeInDown\" style=\"top: -240px;left: 70%;width: 340px;height: 143px;background-color: #ffffff;\"  data-animation-delay=600><\/div><header class=\"kd-section-title col-lg-12 text-left  subtitle-below-title kd-animated fadeIn   vc_custom_1763993362050\" data-animation-delay=200><h1 class=\"separator_off\" style=\"color: #ffffff;\">Por que Escolher a Etos Consultoria?<\/h1><\/header>[vc_column_text css=&#8221;.vc_custom_1697571246212{margin-bottom: 10px !important;}&#8221;]<\/p>\n<ul>\n<li>\n<h4 style=\"color: white;\" data-pm-slice=\"1 1 [&quot;document&quot;,{&quot;docId&quot;:&quot;99126jagmuhnua4&quot;,&quot;background&quot;:{&quot;type&quot;:&quot;none&quot;},&quot;docFlags&quot;:{&quot;cardLayoutsEnabled&quot;:true},&quot;format&quot;:&quot;webpage&quot;,&quot;customCode&quot;:{},&quot;settings&quot;:{},&quot;generateStatus&quot;:&quot;done&quot;,&quot;generateInfo&quot;:{&quot;interactionId&quot;:&quot;P_hJ32q6BHwPOB0mUYeBQ&quot;,&quot;streamId&quot;:&quot;bdvpq25f9k8mxkvz&quot;,&quot;lastEventId&quot;:&quot;1245&quot;,&quot;lastCompletedCardId&quot;:&quot;r7aod5i6zywyrke&quot;,&quot;imageOptions&quot;:{},&quot;lastCompletedCardIndex&quot;:7}},&quot;card&quot;,{&quot;id&quot;:&quot;01kv3siowrc1hun&quot;,&quot;previewContent&quot;:null,&quot;background&quot;:{&quot;type&quot;:&quot;none&quot;},&quot;container&quot;:{},&quot;cardSize&quot;:&quot;full&quot;,&quot;layout&quot;:&quot;right&quot;,&quot;layoutTemplateColumns&quot;:null},&quot;cardLayoutItem&quot;,{&quot;itemId&quot;:&quot;body&quot;,&quot;background&quot;:{}},&quot;smartLayout&quot;,{&quot;variantKey&quot;:&quot;bullets&quot;,&quot;options&quot;:{&quot;cellSize&quot;:15},&quot;fullWidthBlock&quot;:false},&quot;smartLayoutCell&quot;,{&quot;options&quot;:{},&quot;width&quot;:null,&quot;image&quot;:null,&quot;label&quot;:null}]\">Experi\u00eancia<\/h4>\n<\/li>\n<\/ul>\n<p>[\/vc_column_text][vc_column_text]<\/p>\n<p style=\"color: white; font-size: 16px;\">Temos uma vasta experi\u00eancia em consultoria Salesforce, ajudando empresas de todos os tamanhos a alcan\u00e7arem seus objetivos de neg\u00f3cio.<\/p>\n<p>[\/vc_column_text][vc_column_text css=&#8221;.vc_custom_1697571284718{margin-bottom: 10px !important;}&#8221;]<\/p>\n<ul>\n<li>\n<h4 style=\"color: white;\" data-pm-slice=\"1 1 [&quot;document&quot;,{&quot;docId&quot;:&quot;99126jagmuhnua4&quot;,&quot;background&quot;:{&quot;type&quot;:&quot;none&quot;},&quot;docFlags&quot;:{&quot;cardLayoutsEnabled&quot;:true},&quot;format&quot;:&quot;webpage&quot;,&quot;customCode&quot;:{},&quot;settings&quot;:{},&quot;generateStatus&quot;:&quot;done&quot;,&quot;generateInfo&quot;:{&quot;interactionId&quot;:&quot;P_hJ32q6BHwPOB0mUYeBQ&quot;,&quot;streamId&quot;:&quot;bdvpq25f9k8mxkvz&quot;,&quot;lastEventId&quot;:&quot;1245&quot;,&quot;lastCompletedCardId&quot;:&quot;r7aod5i6zywyrke&quot;,&quot;imageOptions&quot;:{},&quot;lastCompletedCardIndex&quot;:7}},&quot;card&quot;,{&quot;id&quot;:&quot;01kv3siowrc1hun&quot;,&quot;previewContent&quot;:null,&quot;background&quot;:{&quot;type&quot;:&quot;none&quot;},&quot;container&quot;:{},&quot;cardSize&quot;:&quot;full&quot;,&quot;layout&quot;:&quot;right&quot;,&quot;layoutTemplateColumns&quot;:null},&quot;cardLayoutItem&quot;,{&quot;itemId&quot;:&quot;body&quot;,&quot;background&quot;:{}},&quot;smartLayout&quot;,{&quot;variantKey&quot;:&quot;bullets&quot;,&quot;options&quot;:{&quot;cellSize&quot;:15},&quot;fullWidthBlock&quot;:false},&quot;smartLayoutCell&quot;,{&quot;options&quot;:{},&quot;width&quot;:null,&quot;image&quot;:null,&quot;label&quot;:null}]\">Resultados Comprovados<\/h4>\n<\/li>\n<\/ul>\n<p>[\/vc_column_text][vc_column_text]<\/p>\n<p style=\"color: white; font-size: 16px;\">Nossos clientes j\u00e1 obtiveram resultados significativos, aumentando suas vendas, melhorando a satisfa\u00e7\u00e3o do cliente e otimizando seus processos.<\/p>\n<p>[\/vc_column_text][vc_column_text css=&#8221;.vc_custom_1697571339529{margin-bottom: 10px !important;}&#8221;]<\/p>\n<ul>\n<li>\n<h4 style=\"color: white;\" data-pm-slice=\"1 1 [&quot;document&quot;,{&quot;docId&quot;:&quot;99126jagmuhnua4&quot;,&quot;background&quot;:{&quot;type&quot;:&quot;none&quot;},&quot;docFlags&quot;:{&quot;cardLayoutsEnabled&quot;:true},&quot;format&quot;:&quot;webpage&quot;,&quot;customCode&quot;:{},&quot;settings&quot;:{},&quot;generateStatus&quot;:&quot;done&quot;,&quot;generateInfo&quot;:{&quot;interactionId&quot;:&quot;P_hJ32q6BHwPOB0mUYeBQ&quot;,&quot;streamId&quot;:&quot;bdvpq25f9k8mxkvz&quot;,&quot;lastEventId&quot;:&quot;1245&quot;,&quot;lastCompletedCardId&quot;:&quot;r7aod5i6zywyrke&quot;,&quot;imageOptions&quot;:{},&quot;lastCompletedCardIndex&quot;:7}},&quot;card&quot;,{&quot;id&quot;:&quot;01kv3siowrc1hun&quot;,&quot;previewContent&quot;:null,&quot;background&quot;:{&quot;type&quot;:&quot;none&quot;},&quot;container&quot;:{},&quot;cardSize&quot;:&quot;full&quot;,&quot;layout&quot;:&quot;right&quot;,&quot;layoutTemplateColumns&quot;:null},&quot;cardLayoutItem&quot;,{&quot;itemId&quot;:&quot;body&quot;,&quot;background&quot;:{}},&quot;smartLayout&quot;,{&quot;variantKey&quot;:&quot;bullets&quot;,&quot;options&quot;:{&quot;cellSize&quot;:15},&quot;fullWidthBlock&quot;:false},&quot;smartLayoutCell&quot;,{&quot;options&quot;:{},&quot;width&quot;:null,&quot;image&quot;:null,&quot;label&quot;:null}]\">Parceria de Longo Prazo<\/h4>\n<\/li>\n<\/ul>\n<p>[\/vc_column_text][vc_column_text]<\/p>\n<p style=\"color: white; font-size: 16px;\">Estamos comprometidos em sermos seus parceiros de confian\u00e7a, apoiando seu crescimento cont\u00ednuo e transforma\u00e7\u00e3o digital.<\/p>\n<p>[\/vc_column_text]<div class=\"kd-shapes shape_dots  kd-animated fadeInUp\" style=\"bottom: -200px;left: 35%;width: 173px;height: 143px;background-color: #ffffff;\"  data-animation-delay=600><\/div>[\/vc_column_inner][vc_column_inner width=&#8221;1\/2&#8243; css=&#8221;.vc_custom_1597672141666{padding-top: 100px !important;}&#8221;][\/vc_column_inner][\/vc_row_inner][\/vc_column][\/vc_row][vc_row kd_background_image_position=&#8221;vc_row-bg-position-top&#8221;][vc_column][vc_column_text]<\/p>\n<p>[\/vc_column_text][\/vc_column][\/vc_row][vc_row full_width=&#8221;stretch_row&#8221; kd_background_image_position=&#8221;vc_row-bg-position-top&#8221;][vc_column][vc_row_inner kd_background_image_position=&#8221;vc_row-bg-position-top&#8221; css=&#8221;.vc_custom_1722344648436{padding-top: 90px !important;padding-bottom: 100px !important;}&#8221;][vc_column_inner]<header class=\"kd-section-title col-lg-12 text-center  subtitle-above-title kd-animated fadeIn   vc_custom_1697571519484\" data-animation-delay=200><h2 class=\"separator_off\" style=\"font-size: 38px;\">Depoimentos<\/h2><\/header><div class=\"slider testimonials black-navigation kd-testimonial-69f3643c8358c loop_off  with-image kd-animated fadeInUp\" data-animation-delay=200><div class=\"tt-content \">\n              <div class=\"tt-content-inner\"><div class=\"tt-container\" ><p >Tive a oportunidade e o prazer de trabalhar com o Orion recentemente em um projeto de implanta\u00e7\u00e3o do Salesforce, neste per\u00edodo pude aprender muito sobre a plataforma, pois o Orion conhece muito do Salesforce. Al\u00e9m disso, ele tem um \u00f3timo relacionamento com toda a equipe do projeto e conquistou em pouco tempo a confian\u00e7ados usu\u00e1rios e gestores. Me chamou \u00e1 aten\u00e7\u00e3o tamb\u00e9m, a facilidade de entendimento dos processos, com poucas explica\u00e7\u00f5es ele j\u00e1 nos apresentava as solu\u00e7\u00f5e! Isso se consegue com muita experi\u00eancia no mercado e ele tem de sobra! Sucesso Orion!<\/p><span class=\"author\" >Thiago Henrique dos Santos\n                    <span class=\"content\" >IT Coordinator<\/span>\n                    <\/span>\n                <\/div><\/div>\n            <\/div><div class=\"tt-content \">\n              <div class=\"tt-content-inner\"><div class=\"tt-container\" ><p >Conhecedor do Salesforce e muito prestativo. Atuante para o cliente ter o melhor proveito das t\u00e9cnica e conceitos implantados.<\/p><span class=\"author\" >Leandro Elias Luy\n                    <span class=\"content\" >Supervisor Administrativo Vedas na Condor S\/A<\/span>\n                    <\/span>\n                <\/div><\/div>\n            <\/div><div class=\"tt-content \">\n              <div class=\"tt-content-inner\"><div class=\"tt-container\" ><p >Tive a oportunidade de trabalhar com Orion inicialmente como analista de suporte, onde eu escalava problemas que entravam e precisavam de atua\u00e7\u00e3o do especialista e posteriomente como Analista de Neg\u00f3cio\/Product Owner em projetos em comum entre as nossas squads.<\/p>\n<p>Orion \u00e9 um profissional excepcional no universo do CRM Salesforce. Ele tem uma facilidade incr\u00edvel em entender os processos e necessidades das pessoas e seus processos que permite que ele encontre solu\u00e7\u00f5es certeiras sempre com muita paci\u00eancia, calma e objetividade. Mesmo diante de desafios complexos e sob press\u00e3o, ele mant\u00e9m calma e foco, colaborando em equipe para resolver os problemas. Orion \u00e9 aquele profissional que n\u00e3o separa responsabilidades, mas sim, soma esfor\u00e7os em busca da solu\u00e7\u00e3o, sempre com olhar voltado para o resultado.<\/p><span class=\"author\" >Mayara Oliveira\n                    <span class=\"content\" >Salesforce Support Analyst at Portobello Grupo<\/span>\n                    <\/span>\n                <\/div><\/div>\n            <\/div><\/div><script>\n              jQuery(document).ready(function($){\n                if ($(\".slider.testimonials.kd-testimonial-69f3643c8358c\").length) {\n                  $(\".slider.testimonials.kd-testimonial-69f3643c8358c\").owlCarousel({\n                    stageClass: \"owl-wrapper\",\n                    stageOuterClass: \"owl-wrapper-outer\",\n                    loadedClass: \"owl-carousel\",\n                    responsive:{\n                        0:{\n                            dots: false,\n                            nav: true,\n                            navSpeed: 500,\n                        },\n                        1366:{\nnav: true,\n                              navSpeed: 500,\n                              dots: true,\n                              dotsSpeed: 500,\n                              dotsEach: true,}\n                    },\n                    items: 1,loop: false, rewind: false, margin: 1,autoplay: false,autoplayHoverPause: false,\n                  });\n                }\n              });\n            <\/script><div class=\"kd-shapes shape_dots with-parallax kd-animated zoomIn\" style=\"top: 130px;right: 130px;width: 172px;height: 173px;\" data-parallax-speed=\"-0.05\" data-animation-delay=400><\/div><div class=\"kd-shapes shape_dots with-parallax kd-animated zoomIn\" style=\"bottom: -60px;left: 130px;width: 172px;height: 173px;\" data-parallax-speed=\"-0.1\" data-animation-delay=400><\/div>[\/vc_column_inner][\/vc_row_inner][\/vc_column][\/vc_row]<\/p>\n","protected":false},"excerpt":{"rendered":"<p>[vc_row full_width=&#8221;stretch_row_content_no_spaces&#8221; kd_background_image_position=&#8221;vc_row-bg-position-top&#8221; el_class=&#8221;hide-bg-on-mobile&#8221; css_tablet_portrait=&#8221;.vc_custom_1697574111738{padding-top: 0px !important;}&#8221; css_mobile=&#8221;.vc_custom_1697574111739{padding-top: 0px !important;}&#8221; css=&#8221;.vc_custom_1697574111738{margin-bottom: 120px !important;}&#8221;][vc_column css=&#8221;.vc_custom_1513003956648{padding-top: 0px !important;}&#8221;][vc_row_inner full_width=&#8221;inner_row_contained&#8221; kd_background_image_position=&#8221;vc_row-bg-position-top&#8221; kd_background_overlay=&#8221;true&#8221; el_class=&#8221;border-bottom-radius&#8221; [&hellip;]<\/p>\n","protected":false},"author":1,"featured_media":0,"parent":0,"menu_order":0,"comment_status":"closed","ping_status":"closed","template":"","meta":{"footnotes":""},"class_list":["post-9579","page","type-page","status-publish","hentry"],"_links":{"self":[{"href":"https:\/\/etos.com.br\/site\/wp-json\/wp\/v2\/pages\/9579","targetHints":{"allow":["GET"]}}],"collection":[{"href":"https:\/\/etos.com.br\/site\/wp-json\/wp\/v2\/pages"}],"about":[{"href":"https:\/\/etos.com.br\/site\/wp-json\/wp\/v2\/types\/page"}],"author":[{"embeddable":true,"href":"https:\/\/etos.com.br\/site\/wp-json\/wp\/v2\/users\/1"}],"replies":[{"embeddable":true,"href":"https:\/\/etos.com.br\/site\/wp-json\/wp\/v2\/comments?post=9579"}],"version-history":[{"count":33,"href":"https:\/\/etos.com.br\/site\/wp-json\/wp\/v2\/pages\/9579\/revisions"}],"predecessor-version":[{"id":9694,"href":"https:\/\/etos.com.br\/site\/wp-json\/wp\/v2\/pages\/9579\/revisions\/9694"}],"wp:attachment":[{"href":"https:\/\/etos.com.br\/site\/wp-json\/wp\/v2\/media?parent=9579"}],"curies":[{"name":"wp","href":"https:\/\/api.w.org\/{rel}","templated":true}]}}